{"id":18720,"date":"2025-06-29T20:06:21","date_gmt":"2025-06-29T20:06:21","guid":{"rendered":"https:\/\/rdtreboradice.cz\/?page_id=18720"},"modified":"2025-09-21T06:18:46","modified_gmt":"2025-09-21T06:18:46","slug":"financing","status":"publish","type":"page","link":"https:\/\/rdtreboradice.cz\/en\/financing\/","title":{"rendered":"Financing"},"content":{"rendered":"\t\t<div data-elementor-type=\"wp-page\" data-elementor-id=\"18720\" class=\"elementor elementor-18720\">\n\t\t\t\t<div class=\"elementor-element elementor-element-734be092 animated-slow e-flex e-con-boxed elementor-invisible e-con e-parent\" data-id=\"734be092\" data-element_type=\"container\" data-e-type=\"container\" data-settings=\"{&quot;background_background&quot;:&quot;classic&quot;,&quot;animation&quot;:&quot;fadeIn&quot;}\">\n\t\t\t\t\t<div class=\"e-con-inner\">\n\t\t<div class=\"elementor-element elementor-element-66aa2970 e-con-full e-flex e-con e-child\" data-id=\"66aa2970\" data-element_type=\"container\" data-e-type=\"container\">\n\t\t\t\t<div class=\"elementor-element elementor-element-59ba5007 elementor-invisible elementor-widget elementor-widget-heading\" data-id=\"59ba5007\" data-element_type=\"widget\" data-e-type=\"widget\" data-settings=\"{&quot;_animation&quot;:&quot;fadeInDown&quot;}\" data-widget_type=\"heading.default\">\n\t\t\t\t<div class=\"elementor-widget-container\">\n\t\t\t\t\t<h1 class=\"elementor-heading-title elementor-size-default\">FINANCING<\/h1>\t\t\t\t<\/div>\n\t\t\t\t<\/div>\n\t\t\t\t<\/div>\n\t\t\t\t\t<\/div>\n\t\t\t\t<\/div>\n\t\t\t\t<section class=\"elementor-section elementor-top-section elementor-element elementor-element-4f562cef elementor-section-boxed elementor-section-height-default elementor-section-height-default\" data-id=\"4f562cef\" data-element_type=\"section\" data-e-type=\"section\" data-settings=\"{&quot;background_background&quot;:&quot;classic&quot;}\">\n\t\t\t\t\t\t<div class=\"elementor-container elementor-column-gap-default\">\n\t\t\t\t\t<div class=\"elementor-column elementor-col-100 elementor-top-column elementor-element elementor-element-16fe7b08\" data-id=\"16fe7b08\" data-element_type=\"column\" data-e-type=\"column\">\n\t\t\t<div class=\"elementor-widget-wrap elementor-element-populated\">\n\t\t\t\t\t\t<div class=\"elementor-element elementor-element-4ca662ff elementor-widget elementor-widget-spacer\" data-id=\"4ca662ff\" data-element_type=\"widget\" data-e-type=\"widget\" data-widget_type=\"spacer.default\">\n\t\t\t\t<div class=\"elementor-widget-container\">\n\t\t\t\t\t\t\t<div class=\"elementor-spacer\">\n\t\t\t<div class=\"elementor-spacer-inner\"><\/div>\n\t\t<\/div>\n\t\t\t\t\t\t<\/div>\n\t\t\t\t<\/div>\n\t\t\t\t<div class=\"elementor-element elementor-element-104c083e elementor-widget elementor-widget-text-editor\" data-id=\"104c083e\" data-element_type=\"widget\" data-e-type=\"widget\" data-widget_type=\"text-editor.default\">\n\t\t\t\t<div class=\"elementor-widget-container\">\n\t\t\t\t\t\t\t\t\t<h4 data-start=\"532\" data-end=\"553\">Financing plan<\/h4><p data-start=\"532\" data-end=\"553\">The T\u0159eboradice residential development project is being implemented with fully secured financing and ongoing control by banking institutions. Thanks to this, our clients have the certainty that the construction is proceeding according to schedule and with maximum transparency. The sale itself takes place in the form of a contractual relationship protected by a lawyer&#8217;s escrow and client payments are tied to the progress of construction work.<br \/>We are also ready to provide our clients with full assistance in arranging a mortgage loan to make the entire purchase process as simple and worry-free as possible.<\/p>\t\t\t\t\t\t\t\t<\/div>\n\t\t\t\t<\/div>\n\t\t\t\t<div class=\"elementor-element elementor-element-256e60b7 elementor-widget elementor-widget-spacer\" data-id=\"256e60b7\" data-element_type=\"widget\" data-e-type=\"widget\" data-widget_type=\"spacer.default\">\n\t\t\t\t<div class=\"elementor-widget-container\">\n\t\t\t\t\t\t\t<div class=\"elementor-spacer\">\n\t\t\t<div class=\"elementor-spacer-inner\"><\/div>\n\t\t<\/div>\n\t\t\t\t\t\t<\/div>\n\t\t\t\t<\/div>\n\t\t\t\t\t<\/div>\n\t\t<\/div>\n\t\t\t\t\t<\/div>\n\t\t<\/section>\n\t\t<div class=\"elementor-element elementor-element-7b2238a elementor-hidden-desktop elementor-hidden-tablet elementor-hidden-mobile e-flex e-con-boxed e-con e-parent\" data-id=\"7b2238a\" data-element_type=\"container\" data-e-type=\"container\">\n\t\t\t\t\t<div class=\"e-con-inner\">\n\t\t\t\t<div class=\"elementor-element elementor-element-9af8705 elementor-widget elementor-widget-houzez-property-section-calculator\" data-id=\"9af8705\" data-element_type=\"widget\" data-e-type=\"widget\" data-widget_type=\"houzez-property-section-calculator.default\">\n\t\t\t\t<div class=\"elementor-widget-container\">\n\t\t\t\t\t        <div class=\"property-mortgage-calculator-wrap property-section-wrap\" id=\"property-mortgage-calculator-wrap\">\n            <div class=\"block-wrap\">\n                \n                                <div class=\"block-title-wrap\">\n                    <h2>Hypote\u010dn\u00ed kalkula\u010dka<\/h2>\n                <\/div><!-- block-title-wrap -->\n                \n                <div class=\"block-content-wrap\">\n                    <div class=\"d-flex align-items-center flex-column flex-sm-row gap-4\">\n\t<div class=\"mortgage-calculator-chart d-flex align-items-center mb-4\" role=\"complementary\">\n\t\t<div class=\"mortgage-calculator-monthly-payment-wrap w-100 text-center\">\n\t\t\t<div id=\"m_monthly_val\" class=\"mortgage-calculator-monthly-payment mb-1\"><\/div>\n\t\t\t<div class=\"mortgage-calculator-monthly-requency\">M\u011bs\u00ed\u010dn\u011b<\/div>\n\t\t<\/div>\n\n\t\t<canvas id=\"mortgage-calculator-chart\" class=\"m-auto\" width=\"250\" height=\"250\"><\/canvas>\n\t<\/div><!-- mortgage-calculator-chart -->\n\n\t<div class=\"mortgage-calculator-data w-100 mb-4\" role=\"complementary\">\n\t\t<ul class=\"list-unstyled list-lined\" role=\"list\">\n\t\t\t<li class=\"mortgage-calculator-data-1 d-flex align-items-center justify-content-between stats-data-1\" role=\"listitem\">\n\t\t\t\t<div class=\"list-lined-item w-100 d-flex justify-content-between py-2\">\t\n\t\t\t\t\t<span>\n\t\t\t\t\t\t<i class=\"houzez-icon icon-sign-badge-circle me-1\" aria-hidden=\"true\"><\/i> <strong>Vlastn\u00ed zdroje<\/strong> \n\t\t\t\t\t<\/span>\n\t\t\t\t\t<span id=\"downPaymentResult\"><\/span>\n\t\t\t\t<\/div>\n\t\t\t<\/li>\n\n\t\t\t<li class=\"mortgage-calculator-data-1 d-flex align-items-center justify-content-between stats-data-01\" role=\"listitem\">\n\t\t\t\t<div class=\"list-lined-item w-100 d-flex justify-content-between py-2\">\t\n\t\t\t\t\t<span>\n\t\t\t\t\t\t<i class=\"houzez-icon icon-sign-badge-circle me-1\" aria-hidden=\"true\"><\/i> <strong>V\u00fd\u0161e \u00fav\u011bru<\/strong> \n\t\t\t\t\t<\/span>\n\t\t\t\t\t<span id=\"loadAmountResult\"><\/span>\n\t\t\t\t<\/div>\n\t\t\t<\/li>\n\n\t\t\t<li class=\"mortgage-calculator-data-1 d-flex align-items-center justify-content-between stats-data-1\" role=\"listitem\">\n\t\t\t\t<div class=\"list-lined-item w-100 d-flex justify-content-between py-2\">\t\n\t\t\t\t\t<span>\n\t\t\t\t\t\t<i class=\"houzez-icon icon-sign-badge-circle me-1\" aria-hidden=\"true\"><\/i> <strong>M\u011bs\u00ed\u010dn\u00ed spl\u00e1tka hypot\u00e9ky<\/strong> \n\t\t\t\t\t<\/span>\n\t\t\t\t\t<span id=\"monthlyMortgagePaymentResult\"><\/span>\n\t\t\t\t<\/div>\n\t\t\t<\/li>\n\n\t\t\t\n\t\t\t\n\t\t\t\n\t\t\t\t\t<\/ul>\n\t<\/div><!-- mortgage-calculator-data -->\n<\/div><!-- d-flex -->\n\n<form id=\"houzez-calculator-form\" method=\"post\">\n\t<div class=\"row\">\n\t\t<div class=\"col-md-6\">\n\t\t\t<div class=\"form-group mb-3\">\n\t\t\t\t<label for=\"homePrice\" class=\"form-label\">Celkov\u00e1 \u010d\u00e1stka<\/label>\n\t\t\t\t<div class=\"input-group\">\n\t\t\t\t\t<span class=\"input-group-text\" aria-hidden=\"true\">CZK<\/span>\n\t\t\t\t\t<input type=\"text\" class=\"form-control\" id=\"homePrice\" placeholder=\"Celkov\u00e1 \u010d\u00e1stka\" value=\"0\">\n\t\t\t\t<\/div><!-- input-group -->\n\n\t\t\t<\/div><!-- form-group -->\n\t\t<\/div><!-- col-md-6 -->\n\n\t\t<div class=\"col-md-6\">\n\t\t\t<div class=\"form-group mb-3\">\n\t\t\t\t<label class=\"form-label\" for=\"down-payment\">Vlastn\u00ed zdroje<\/label>\n\t\t\t\t<div class=\"input-group\">\n\t\t\t\t\t<span class=\"input-group-text\" aria-hidden=\"true\">%<\/span>\n\t\t\t\t\t<input type=\"text\" class=\"form-control\" id=\"downPaymentPercentage\" placeholder=\"Vlastn\u00ed zdroje\" value=\"\">\n\t\t\t\t<\/div><!-- input-group -->\n\t\t\t<\/div><!-- form-group -->\n\t\t<\/div><!-- col-md-6 -->\n\n\t\t<div class=\"col-md-6\">\n\t\t\t<div class=\"form-group mb-3\">\n\t\t\t\t<label class=\"form-label\" for=\"annualInterestRate\">\u00darokov\u00e1 sazba<\/label>\n\t\t\t\t<div class=\"input-group\">\n\t\t\t\t\t<span class=\"input-group-text\" aria-hidden=\"true\">%<\/span>\n\t\t\t\t\t<input type=\"text\" class=\"form-control\" id=\"annualInterestRate\" placeholder=\"\u00darokov\u00e1 sazba\" value=\"\">\n\t\t\t\t<\/div><!-- input-group -->\n\t\t\t<\/div><!-- form-group -->\n\t\t<\/div><!-- col-md-6 -->\n\t\t\n\t\t<div class=\"col-md-6\">\n\t\t\t<div class=\"form-group mb-3\">\n\t\t\t\t<label class=\"form-label\" for=\"loanTermInYears\">Podm\u00ednky spl\u00e1cen\u00ed (roky)<\/label>\n\t\t\t\t<div class=\"input-group\">\n\t\t\t\t\t<span class=\"input-group-text\" aria-hidden=\"true\">\n\t\t\t\t\t\t<i class=\"houzez-icon icon-calendar-3\"><\/i>\n\t\t\t\t\t<\/span>\n\t\t\t\t\t<input id=\"loanTermInYears\" type=\"text\" class=\"form-control\" placeholder=\"Podm\u00ednky spl\u00e1cen\u00ed (roky)\" value=\"\">\n\t\t\t\t<\/div><!-- input-group -->\n\t\t\t<\/div><!-- form-group -->\n\t\t<\/div><!-- col-md-6 -->\n\n\t\t\n\n\t\t\n\t\t\n\t\t\t<\/div><!-- row -->\n<\/form>                <\/div><!-- block-content-wrap -->\n            <\/div><!-- block-wrap -->\n        <\/div><!-- property-mortgage-calculator-wrap -->\n        \t\t\t\t<\/div>\n\t\t\t\t<\/div>\n\t\t\t\t\t<\/div>\n\t\t\t\t<\/div>\n\t\t\t\t<\/div>\n\t\t","protected":false},"excerpt":{"rendered":"<p>FINANCING Financing plan The T\u0159eboradice residential development project is being implemented with fully secured financing and ongoing control by banking institutions. Thanks to this, our clients have the certainty that the construction is proceeding according to schedule and with maximum transparency. The sale itself takes place in the form of a contractual relationship protected by [&hellip;]<\/p>\n","protected":false},"author":1,"featured_media":0,"parent":0,"menu_order":0,"comment_status":"closed","ping_status":"closed","template":"elementor_header_footer","meta":{"_monsterinsights_skip_tracking":false,"_monsterinsights_sitenote_active":false,"_monsterinsights_sitenote_note":"","_monsterinsights_sitenote_category":0,"footnotes":""},"class_list":["post-18720","page","type-page","status-publish","hentry"],"aioseo_notices":[],"_links":{"self":[{"href":"https:\/\/rdtreboradice.cz\/en\/wp-json\/wp\/v2\/pages\/18720","targetHints":{"allow":["GET"]}}],"collection":[{"href":"https:\/\/rdtreboradice.cz\/en\/wp-json\/wp\/v2\/pages"}],"about":[{"href":"https:\/\/rdtreboradice.cz\/en\/wp-json\/wp\/v2\/types\/page"}],"author":[{"embeddable":true,"href":"https:\/\/rdtreboradice.cz\/en\/wp-json\/wp\/v2\/users\/1"}],"replies":[{"embeddable":true,"href":"https:\/\/rdtreboradice.cz\/en\/wp-json\/wp\/v2\/comments?post=18720"}],"version-history":[{"count":13,"href":"https:\/\/rdtreboradice.cz\/en\/wp-json\/wp\/v2\/pages\/18720\/revisions"}],"predecessor-version":[{"id":19122,"href":"https:\/\/rdtreboradice.cz\/en\/wp-json\/wp\/v2\/pages\/18720\/revisions\/19122"}],"wp:attachment":[{"href":"https:\/\/rdtreboradice.cz\/en\/wp-json\/wp\/v2\/media?parent=18720"}],"curies":[{"name":"wp","href":"https:\/\/api.w.org\/{rel}","templated":true}]}}